{"id":2009,"date":"2020-05-22T22:55:55","date_gmt":"2020-05-22T22:55:55","guid":{"rendered":"https:\/\/www.decoflor.com.mx\/index.php\/producto\/vertical-funeral-deco120\/"},"modified":"2026-02-26T23:49:44","modified_gmt":"2026-02-26T23:49:44","slug":"vertical-funeral-deco120","status":"publish","type":"product","link":"https:\/\/www.decoflor.com.mx\/index.php\/producto\/vertical-funeral-deco120\/","title":{"rendered":"PIE DE CAJA VERTICAL 120"},"content":{"rendered":"<p>DISE\u00d1O VERTICAL PARA FUNERAL<\/p>\n<p>CON SURTIDO DE DIFERENTES FLORES COMO<\/p>\n<p>ROSAS, POLAR, SPAIDER, MARGARITAS, ETC.<\/p>\n<p>-INCLUYE BANDA IMPRESA, DONDE DICE QUIEN LA ENVIA.<\/p>\n<p>-INCLUYE TARJETA CON MENSAJE DE CONDOLENCIA<\/p>\n","protected":false},"excerpt":{"rendered":"<p>\u00abNuestros corazones est\u00e1n tristes por tu p\u00e9rdida y nuestros pensamientos y oraciones est\u00e1n contigo, hoy y siempre.\u00bb<\/p>\n","protected":false},"featured_media":2013,"comment_status":"open","ping_status":"closed","template":"","meta":[],"product_cat":[10],"product_tag":[],"_links":{"self":[{"href":"https:\/\/www.decoflor.com.mx\/index.php\/wp-json\/wp\/v2\/product\/2009"}],"collection":[{"href":"https:\/\/www.decoflor.com.mx\/index.php\/wp-json\/wp\/v2\/product"}],"about":[{"href":"https:\/\/www.decoflor.com.mx\/index.php\/wp-json\/wp\/v2\/types\/product"}],"replies":[{"embeddable":true,"href":"https:\/\/www.decoflor.com.mx\/index.php\/wp-json\/wp\/v2\/comments?post=2009"}],"wp:featuredmedia":[{"embeddable":true,"href":"https:\/\/www.decoflor.com.mx\/index.php\/wp-json\/wp\/v2\/media\/2013"}],"wp:attachment":[{"href":"https:\/\/www.decoflor.com.mx\/index.php\/wp-json\/wp\/v2\/media?parent=2009"}],"wp:term":[{"taxonomy":"product_cat","embeddable":true,"href":"https:\/\/www.decoflor.com.mx\/index.php\/wp-json\/wp\/v2\/product_cat?post=2009"},{"taxonomy":"product_tag","embeddable":true,"href":"https:\/\/www.decoflor.com.mx\/index.php\/wp-json\/wp\/v2\/product_tag?post=2009"}],"curies":[{"name":"wp","href":"https:\/\/api.w.org\/{rel}","templated":true}]}}