{"id":31,"date":"2016-06-03T17:29:26","date_gmt":"2016-06-03T17:29:26","guid":{"rendered":"http:\/\/www.decoflor.com.mx\/?page_id=31"},"modified":"2018-11-26T17:38:55","modified_gmt":"2018-11-26T17:38:55","slug":"forma-de-pago","status":"publish","type":"page","link":"https:\/\/www.decoflor.com.mx\/index.php\/forma-de-pago\/","title":{"rendered":"Forma de pago"},"content":{"rendered":"<div class=\"vc_row wpb_row vc_row-fluid\"><div class=\"wpb_column vc_column_container vc_col-sm-12\"><div class=\"wpb_wrapper\"><h2 style=\"color: #1e73be;text-align: left\" class=\"vc_custom_heading\">Tarjeta de cr\u00e9dito<\/h2>\n\t<div class=\"wpb_text_column wpb_content_element  wpb_animate_when_almost_visible wpb_bottom-to-top\">\n\t\t<div class=\"wpb_wrapper\">\n\t\t\t<p>*Ingresa los datos de tu tarjeta por medio de PAYPAL PLUS (no es necesario tener cuenta de PAYPAL)<\/p>\n<p>*Cont\u00e1ctanos por tel\u00e9fono para tomarte tus datos y llevar a cabo tu pago v\u00eda telef\u00f3nica<\/p>\n<p>*Utiliza tu cuenta de PAYPAL<\/p>\n\n\t\t<\/div> \n\t<\/div> <div class=\"vc_separator wpb_content_element vc_separator_align_center vc_sep_width_100 vc_sep_pos_align_center vc_separator_no_text vc_sep_color_grey\"><span\n\t\tclass=\"vc_sep_holder vc_sep_holder_l\"><span\t\t\tclass=\"vc_sep_line\"><\/span><\/span><span\n\t\tclass=\"vc_sep_holder vc_sep_holder_r\"><span class=\"vc_sep_line\"><\/span><\/span>\n\t<\/div>\n<h2 style=\"color: #1e73be;text-align: left\" class=\"vc_custom_heading\">Dep\u00f3sito bancario<\/h2>\n\t<div class=\"wpb_text_column wpb_content_element  wpb_animate_when_almost_visible wpb_appear\">\n\t\t<div class=\"wpb_wrapper\">\n\t\t\t<p>Contamos con diferentes cuentas:<\/p>\n\n\t\t<\/div> \n\t<\/div> <\/div><\/div><\/div><div class=\"vc_row wpb_row vc_row-fluid\"><div class=\"wpb_column vc_column_container vc_col-sm-6\"><div class=\"wpb_wrapper\">\t<div class=\"vc_empty_space\"  style=\"height: 70px\" ><span\n\t\t\tclass=\"vc_empty_space_inner\"><\/span><\/div>\n\n\n\t<div class=\"wpb_single_image wpb_content_element wpb_animate_when_almost_visible wpb_bottom-to-top vc_align_center\">\n\t\t<div class=\"wpb_wrapper\">\n\t\t\t\n\t\t\t<div class=\"vc_single_image-wrapper   vc_box_border_grey\"><img class=\"vc_single_image-img \" src=\"https:\/\/www.decoflor.com.mx\/wp-content\/uploads\/2016\/06\/santander-100x69.gif\" width=\"100\" height=\"69\" alt=\"santander\" title=\"santander\"\" \/><\/div>\n\t\t<\/div> \n\t<\/div> <\/div><\/div><div class=\"wpb_column vc_column_container vc_col-sm-6\"><div class=\"wpb_wrapper\"><h4 style=\"color: #1e73be;text-align: left\" class=\"vc_custom_heading\">Santander<\/h4>\n\t<div class=\"wpb_text_column wpb_content_element \">\n\t\t<div class=\"wpb_wrapper\">\n\t\t\t<p>N\u00famero de Cuenta: 6055 1286 351<br \/>\nCLABE: 0141 5060 5512 8635 13<br \/>\nTarjeta: 5579 0700 8380 3794 (Debito)<br \/>\nNombre: Cesar A. Balderrama L.<\/p>\n\n\t\t<\/div> \n\t<\/div> <\/div><\/div><\/div><div class=\"vc_row wpb_row vc_row-fluid\"><div class=\"wpb_column vc_column_container vc_col-sm-6\"><div class=\"wpb_wrapper\">\t<div class=\"vc_empty_space\"  style=\"height: 70px\" ><span\n\t\t\tclass=\"vc_empty_space_inner\"><\/span><\/div>\n\n\n\t<div class=\"wpb_single_image wpb_content_element wpb_animate_when_almost_visible wpb_bottom-to-top vc_align_center\">\n\t\t<div class=\"wpb_wrapper\">\n\t\t\t\n\t\t\t<div class=\"vc_single_image-wrapper   vc_box_border_grey\"><img class=\"vc_single_image-img \" src=\"https:\/\/www.decoflor.com.mx\/wp-content\/uploads\/2016\/06\/9ZJnrM2d-130x75.png\" width=\"130\" height=\"75\" alt=\"9ZJnrM2d\" title=\"9ZJnrM2d\"\" \/><\/div>\n\t\t<\/div> \n\t<\/div> <\/div><\/div><div class=\"wpb_column vc_column_container vc_col-sm-6\"><div class=\"wpb_wrapper\"><h4 style=\"color: #1e73be;text-align: left\" class=\"vc_custom_heading\">Scotiabank<\/h4>\n\t<div class=\"wpb_text_column wpb_content_element  vc_custom_1496761467295\">\n\t\t<div class=\"wpb_wrapper\">\n\t\t\t<p>Numero de la cuenta: 2150 3500 551<br \/>\nCLABE: 0441 5021 5035 0055 19\u200b<br \/>\nNombre: Cesar Balderrama L.<\/p>\n\n\t\t<\/div> \n\t<\/div> <\/div><\/div><\/div><div class=\"vc_row wpb_row vc_row-fluid\"><div class=\"wpb_column vc_column_container vc_col-sm-6\"><div class=\"wpb_wrapper\">\t<div class=\"vc_empty_space\"  style=\"height: 70px\" ><span\n\t\t\tclass=\"vc_empty_space_inner\"><\/span><\/div>\n\n\n\t<div class=\"wpb_single_image wpb_content_element wpb_animate_when_almost_visible wpb_bottom-to-top vc_align_center\">\n\t\t<div class=\"wpb_wrapper\">\n\t\t\t\n\t\t\t<div class=\"vc_single_image-wrapper   vc_box_border_grey\"><img class=\"vc_single_image-img \" src=\"https:\/\/www.decoflor.com.mx\/wp-content\/uploads\/2016\/06\/Banamex-logo-100x69.png\" width=\"100\" height=\"69\" alt=\"Banamex-logo\" title=\"Banamex-logo\"\" \/><\/div>\n\t\t<\/div> \n\t<\/div> <\/div><\/div><div class=\"wpb_column vc_column_container vc_col-sm-6\"><div class=\"wpb_wrapper\"><h4 style=\"color: #1e73be;text-align: left\" class=\"vc_custom_heading\">Banamex<\/h4>\n\t<div class=\"wpb_text_column wpb_content_element \">\n\t\t<div class=\"wpb_wrapper\">\n\t\t\t<p>N\u00famero de Cuenta: 9330 1830 87<br \/>\nCLABE: 0021 5009 3301 8308 76<br \/>\nNombre: Cesar A. Balderrama L.<\/p>\n\n\t\t<\/div> \n\t<\/div> <\/div><\/div><\/div><div class=\"vc_row wpb_row vc_row-fluid\"><div class=\"wpb_column vc_column_container vc_col-sm-12\"><div class=\"wpb_wrapper\"><h2 style=\"color: #1e73be;text-align: left\" class=\"vc_custom_heading\">Cargo telefonico a tu Tarjeta de cr\u00e9dito<\/h2>\n\t<div class=\"wpb_text_column wpb_content_element  wpb_animate_when_almost_visible wpb_bottom-to-top\">\n\t\t<div class=\"wpb_wrapper\">\n\t\t\t<p>DEPOSITO EN OXXO,<\/p>\n<p>TARJETA 5579 0700 8380 3794 (Debito)<\/p>\n<p>*ENVIA TU COMPROBANTE DE PAGO POR WHATSAPP 614-172-90-47<\/p>\n\n\t\t<\/div> \n\t<\/div> <\/div><\/div><\/div>\n","protected":false},"excerpt":{"rendered":"Tarjeta de cr\u00e9dito *Ingresa los datos de tu tarjeta por medio de PAYPAL PLUS (no es necesario tener cuenta de PAYPAL) *Cont\u00e1ctanos por tel\u00e9fono para tomarte tus datos y llevar a cabo tu pago v\u00eda telef\u00f3nica *Utiliza tu cuenta de PAYPAL Dep\u00f3sito bancario Contamos con diferentes cuentas: Scotiabank Numero de la cuenta: 2150 3500 551 [...]","protected":false},"author":1,"featured_media":0,"parent":0,"menu_order":0,"comment_status":"closed","ping_status":"closed","template":"","meta":{"footnotes":""},"_links":{"self":[{"href":"https:\/\/www.decoflor.com.mx\/index.php\/wp-json\/wp\/v2\/pages\/31"}],"collection":[{"href":"https:\/\/www.decoflor.com.mx\/index.php\/wp-json\/wp\/v2\/pages"}],"about":[{"href":"https:\/\/www.decoflor.com.mx\/index.php\/wp-json\/wp\/v2\/types\/page"}],"author":[{"embeddable":true,"href":"https:\/\/www.decoflor.com.mx\/index.php\/wp-json\/wp\/v2\/users\/1"}],"replies":[{"embeddable":true,"href":"https:\/\/www.decoflor.com.mx\/index.php\/wp-json\/wp\/v2\/comments?post=31"}],"version-history":[{"count":16,"href":"https:\/\/www.decoflor.com.mx\/index.php\/wp-json\/wp\/v2\/pages\/31\/revisions"}],"predecessor-version":[{"id":1311,"href":"https:\/\/www.decoflor.com.mx\/index.php\/wp-json\/wp\/v2\/pages\/31\/revisions\/1311"}],"wp:attachment":[{"href":"https:\/\/www.decoflor.com.mx\/index.php\/wp-json\/wp\/v2\/media?parent=31"}],"curies":[{"name":"wp","href":"https:\/\/api.w.org\/{rel}","templated":true}]}}