{"id":25,"date":"2016-06-03T17:26:57","date_gmt":"2016-06-03T17:26:57","guid":{"rendered":"http:\/\/www.decoflor.com.mx\/?page_id=25"},"modified":"2019-06-25T19:40:20","modified_gmt":"2019-06-25T19:40:20","slug":"nosotros","status":"publish","type":"page","link":"https:\/\/www.decoflor.com.mx\/index.php\/nosotros\/","title":{"rendered":"Nosotros"},"content":{"rendered":"<div class=\"vc_row wpb_row vc_row-fluid\"><div class=\"wpb_column vc_column_container vc_col-sm-12\"><div class=\"wpb_wrapper\"><h3 style=\"color: #0e00ad;text-align: left\" class=\"vc_custom_heading\">Nuestra misi\u00f3n es ayudar a las personas a expresar sentimientos a trav\u00e9s de una digna representaci\u00f3n mediante nuestra constante preocupaci\u00f3n por el servicio, la calidad y la honestidad<\/h3>\n\t<div class=\"wpb_text_column wpb_content_element  wpb_animate_when_almost_visible wpb_left-to-right\">\n\t\t<div class=\"wpb_wrapper\">\n\t\t\t<p>Con gran satisfacci\u00f3n nos presentamos a ustedes como una empresa en crecimiento dedicados al giro de florer\u00eda. Con m\u00e1s de 30 a\u00f1os de experiencia podemos garantizar nuestro profesionalismo, ya que contamos con la infraestructura necesaria para cubrir las necesidades del cliente a la altura de las grandes ciudades.<\/p>\n<p>Nuestros dise\u00f1os vanguardistas est\u00e1n elaborados con materias primas de calidad que capturan texturas, l\u00edneas y formas de dise\u00f1o destacando la esencia y la belleza de las flores, teniendo especial delicadeza ya que a trav\u00e9s de nuestros dise\u00f1os ayudamos a nuestros clientes a expresar sus sentimientos de una manera sutil y delicada.<\/p>\n<p>Contamos con una amplia gama de equipos para darle mejor presentaci\u00f3n a nuestros dise\u00f1os, tanto para decoraci\u00f3n de eventos, como para seminarios, convenciones, juntas administrativas, bodas y todo tipo de evento social.<\/p>\n<p>Actualmente ofrecemos el servicio de nuestra p\u00e1gina web, en donde pueden encontrar una gran variedad de dise\u00f1os para toda ocasi\u00f3n, as\u00ed como efectuar el pago por tarjeta de cr\u00e9dito. Contamos con sistema de cr\u00e9dito y Servicio a Domicilio Express a Hospital Angeles\u00a0y Mausoleos Luz Eterna. Tenemos toda la disposici\u00f3n de atenderle, una actitud de responsabilidad y servicio que le invitamos a corroborar y as\u00ed disfrute del trato preferencial que ofrecemos a nuestros clientes.<\/p>\n\n\t\t<\/div> \n\t<\/div> <\/div><\/div><\/div>\n","protected":false},"excerpt":{"rendered":"Nuestra misi\u00f3n es ayudar a las personas a expresar sentimientos a trav\u00e9s de una digna representaci\u00f3n mediante nuestra constante preocupaci\u00f3n por el servicio, la calidad y la honestidad Con gran satisfacci\u00f3n nos presentamos a ustedes como una empresa en crecimiento dedicados al giro de florer\u00eda. Con m\u00e1s de 30 a\u00f1os de experiencia podemos garantizar nuestro [...]","protected":false},"author":1,"featured_media":0,"parent":0,"menu_order":0,"comment_status":"closed","ping_status":"closed","template":"","meta":{"footnotes":""},"_links":{"self":[{"href":"https:\/\/www.decoflor.com.mx\/index.php\/wp-json\/wp\/v2\/pages\/25"}],"collection":[{"href":"https:\/\/www.decoflor.com.mx\/index.php\/wp-json\/wp\/v2\/pages"}],"about":[{"href":"https:\/\/www.decoflor.com.mx\/index.php\/wp-json\/wp\/v2\/types\/page"}],"author":[{"embeddable":true,"href":"https:\/\/www.decoflor.com.mx\/index.php\/wp-json\/wp\/v2\/users\/1"}],"replies":[{"embeddable":true,"href":"https:\/\/www.decoflor.com.mx\/index.php\/wp-json\/wp\/v2\/comments?post=25"}],"version-history":[{"count":8,"href":"https:\/\/www.decoflor.com.mx\/index.php\/wp-json\/wp\/v2\/pages\/25\/revisions"}],"predecessor-version":[{"id":230,"href":"https:\/\/www.decoflor.com.mx\/index.php\/wp-json\/wp\/v2\/pages\/25\/revisions\/230"}],"wp:attachment":[{"href":"https:\/\/www.decoflor.com.mx\/index.php\/wp-json\/wp\/v2\/media?parent=25"}],"curies":[{"name":"wp","href":"https:\/\/api.w.org\/{rel}","templated":true}]}}